{"id":420,"date":"2014-09-30T11:47:49","date_gmt":"2014-09-30T11:47:49","guid":{"rendered":"http:\/\/www.anita-m.com\/wordpress\/?page_id=420"},"modified":"2017-03-08T19:17:19","modified_gmt":"2017-03-08T19:17:19","slug":"willkommen","status":"publish","type":"page","link":"https:\/\/www.anita-m.com\/wordpress\/willkommen\/?lang=de","title":{"rendered":"Willkommen"},"content":{"rendered":"<h2>ANITA-M.<\/h2>\n<h2><strong>K\u00fcnstler mit Herz und Seele. <\/strong><\/h2>\n<div id=\"metaslider-id-297\" style=\"max-width: 500px;\" class=\"ml-slider-3-105-0 metaslider metaslider-flex metaslider-297 ml-slider has-dots-nav ms-theme-default\" role=\"region\" aria-label=\"Slider homepage\" data-height=\"600\" data-width=\"500\">\n    <div id=\"metaslider_container_297\">\n        <div id=\"metaslider_297\">\n            <ul class='slides'>\n                <li style=\"display: block; width: 100%;\" class=\"slide-232 ms-image \" aria-roledescription=\"slide\" data-date=\"2012-10-22 12:18:22\" data-filename=\"Anita_in_atelier1-400x480.jpg\" data-slide-type=\"image\"><img loading=\"lazy\" decoding=\"async\" src=\"https:\/\/www.anita-m.com\/wordpress\/wp-content\/uploads\/2012\/07\/Anita_in_atelier1-400x480.jpg\" height=\"600\" width=\"500\" alt=\"\" class=\"slider-297 slide-232 msDefaultImage\" \/><\/li>\n                <li style=\"display: none; width: 100%;\" class=\"slide-296 ms-image \" aria-roledescription=\"slide\" data-date=\"2014-04-28 14:02:09\" data-filename=\"Anita-M-atelier-2010-\u00a9-Fred-Manschot_MG_7273-500x600.jpg\" data-slide-type=\"image\"><img loading=\"lazy\" decoding=\"async\" src=\"https:\/\/www.anita-m.com\/wordpress\/wp-content\/uploads\/2014\/04\/Anita-M-atelier-2010-\u00a9-Fred-Manschot_MG_7273-500x600.jpg\" height=\"600\" width=\"500\" alt=\"\" class=\"slider-297 slide-296 msDefaultImage\" \/><\/li>\n                <li style=\"display: none; width: 100%;\" class=\"slide-295 ms-image \" aria-roledescription=\"slide\" data-date=\"2014-04-28 14:02:08\" data-filename=\"Anita-M-atelier-2010-\u00a9-Fred-Manschot_MG_7257-500x600.jpg\" data-slide-type=\"image\"><img loading=\"lazy\" decoding=\"async\" src=\"https:\/\/www.anita-m.com\/wordpress\/wp-content\/uploads\/2014\/04\/Anita-M-atelier-2010-\u00a9-Fred-Manschot_MG_7257-500x600.jpg\" height=\"600\" width=\"500\" alt=\"\" class=\"slider-297 slide-295 msDefaultImage\" \/><\/li>\n                <li style=\"display: none; width: 100%;\" class=\"slide-294 ms-image \" aria-roledescription=\"slide\" data-date=\"2014-04-28 14:02:06\" data-filename=\"Anita-M-atelier-2010-\u00a9-Fred-Manschot_MG_7232-500x600.jpg\" data-slide-type=\"image\"><img loading=\"lazy\" decoding=\"async\" src=\"https:\/\/www.anita-m.com\/wordpress\/wp-content\/uploads\/2014\/04\/Anita-M-atelier-2010-\u00a9-Fred-Manschot_MG_7232-500x600.jpg\" height=\"600\" width=\"500\" alt=\"\" class=\"slider-297 slide-294 msDefaultImage\" \/><\/li>\n                <li style=\"display: none; width: 100%;\" class=\"slide-293 ms-image \" aria-roledescription=\"slide\" data-date=\"2014-04-28 14:02:05\" data-filename=\"Anita-M-atelier-2010-\u00a9-Fred-Manschot_MG_7221-500x600.jpg\" data-slide-type=\"image\"><img loading=\"lazy\" decoding=\"async\" src=\"https:\/\/www.anita-m.com\/wordpress\/wp-content\/uploads\/2014\/04\/Anita-M-atelier-2010-\u00a9-Fred-Manschot_MG_7221-500x600.jpg\" height=\"600\" width=\"500\" alt=\"\" class=\"slider-297 slide-293 msDefaultImage\" \/><\/li>\n                <li style=\"display: none; width: 100%;\" class=\"slide-292 ms-image \" aria-roledescription=\"slide\" data-date=\"2014-04-28 14:02:04\" data-filename=\"Anita-M-atelier-2010-\u00a9-Fred-Manschot_MG_7186-500x600.jpg\" data-slide-type=\"image\"><img loading=\"lazy\" decoding=\"async\" src=\"https:\/\/www.anita-m.com\/wordpress\/wp-content\/uploads\/2014\/04\/Anita-M-atelier-2010-\u00a9-Fred-Manschot_MG_7186-500x600.jpg\" height=\"600\" width=\"500\" alt=\"\" class=\"slider-297 slide-292 msDefaultImage\" \/><\/li>\n                <li style=\"display: none; width: 100%;\" class=\"slide-291 ms-image \" aria-roledescription=\"slide\" data-date=\"2014-04-28 14:02:03\" data-filename=\"Anita-M-atelier-2010-\u00a9-Fred-Manschot_MG_7160-500x600.jpg\" data-slide-type=\"image\"><img loading=\"lazy\" decoding=\"async\" src=\"https:\/\/www.anita-m.com\/wordpress\/wp-content\/uploads\/2014\/04\/Anita-M-atelier-2010-\u00a9-Fred-Manschot_MG_7160-500x600.jpg\" height=\"600\" width=\"500\" alt=\"\" class=\"slider-297 slide-291 msDefaultImage\" \/><\/li>\n                <li style=\"display: none; width: 100%;\" class=\"slide-286 ms-image \" aria-roledescription=\"slide\" data-date=\"2014-04-28 14:01:55\" data-filename=\"Anita-M-atelier-2010-\u00a9-Fred-Manschot_MG_7080-500x600.jpg\" data-slide-type=\"image\"><img loading=\"lazy\" decoding=\"async\" src=\"https:\/\/www.anita-m.com\/wordpress\/wp-content\/uploads\/2014\/04\/Anita-M-atelier-2010-\u00a9-Fred-Manschot_MG_7080-500x600.jpg\" height=\"600\" width=\"500\" alt=\"\" class=\"slider-297 slide-286 msDefaultImage\" \/><\/li>\n                <li style=\"display: none; width: 100%;\" class=\"slide-288 ms-image \" aria-roledescription=\"slide\" data-date=\"2014-04-28 14:01:58\" data-filename=\"Anita-M-atelier-2010-\u00a9-Fred-Manschot_MG_7146-500x600.jpg\" data-slide-type=\"image\"><img loading=\"lazy\" decoding=\"async\" src=\"https:\/\/www.anita-m.com\/wordpress\/wp-content\/uploads\/2014\/04\/Anita-M-atelier-2010-\u00a9-Fred-Manschot_MG_7146-500x600.jpg\" height=\"600\" width=\"500\" alt=\"\" class=\"slider-297 slide-288 msDefaultImage\" \/><\/li>\n                <li style=\"display: none; width: 100%;\" class=\"slide-287 ms-image \" aria-roledescription=\"slide\" data-date=\"2014-04-28 14:01:57\" data-filename=\"Anita-M-atelier-2010-\u00a9-Fred-Manschot_MG_7145-500x600.jpg\" data-slide-type=\"image\"><img loading=\"lazy\" decoding=\"async\" src=\"https:\/\/www.anita-m.com\/wordpress\/wp-content\/uploads\/2014\/04\/Anita-M-atelier-2010-\u00a9-Fred-Manschot_MG_7145-500x600.jpg\" height=\"600\" width=\"500\" alt=\"\" class=\"slider-297 slide-287 msDefaultImage\" \/><\/li>\n                <li style=\"display: none; width: 100%;\" class=\"slide-289 ms-image \" aria-roledescription=\"slide\" data-date=\"2014-04-28 14:02:00\" data-filename=\"Anita-M-atelier-2010-\u00a9-Fred-Manschot_MG_7151-500x600.jpg\" data-slide-type=\"image\"><img loading=\"lazy\" decoding=\"async\" src=\"https:\/\/www.anita-m.com\/wordpress\/wp-content\/uploads\/2014\/04\/Anita-M-atelier-2010-\u00a9-Fred-Manschot_MG_7151-500x600.jpg\" height=\"600\" width=\"500\" alt=\"\" class=\"slider-297 slide-289 msDefaultImage\" \/><\/li>\n                <li style=\"display: none; width: 100%;\" class=\"slide-290 ms-image \" aria-roledescription=\"slide\" data-date=\"2014-04-28 14:02:01\" data-filename=\"Anita-M-atelier-2010-\u00a9-Fred-Manschot_MG_7158-500x600.jpg\" data-slide-type=\"image\"><img loading=\"lazy\" decoding=\"async\" src=\"https:\/\/www.anita-m.com\/wordpress\/wp-content\/uploads\/2014\/04\/Anita-M-atelier-2010-\u00a9-Fred-Manschot_MG_7158-500x600.jpg\" height=\"600\" width=\"500\" alt=\"\" class=\"slider-297 slide-290 msDefaultImage\" \/><\/li>\n            <\/ul>\n        <\/div>\n        \n    <\/div>\n<\/div>\n<p>&nbsp;<\/p>\n<div id=\"gt-res-content\" class=\"almost_half_cell\">\n<p dir=\"ltr\"><span class=\"\" lang=\"de\"><span class=\"\" lang=\"de\"><span title=\"Welkom op mijn site.&lt;\/p&gt;&lt;br \/&gt;&lt;br \/&gt;&lt;br \/&gt;&lt;br \/&gt;&lt;br \/&gt;&lt;br \/&gt;&lt;br \/&gt;&lt;br \/&gt;&lt;br \/&gt;&lt;br \/&gt;&lt;br \/&gt;&lt;br \/&gt;&lt;br \/&gt; &lt;p&gt;\">Willkommen auf meiner Seite. <\/span><\/span><\/span><\/p>\n<h3><span class=\"\" lang=\"de\"><span title=\"Over mijzelf,&lt;\/p&gt;&lt;br \/&gt;&lt;br \/&gt;&lt;br \/&gt;&lt;br \/&gt;&lt;br \/&gt;&lt;br \/&gt;&lt;br \/&gt;&lt;br \/&gt;&lt;br \/&gt;&lt;br \/&gt;&lt;br \/&gt;&lt;br \/&gt;&lt;br \/&gt; &lt;p&gt;\">\u00dcber mich<\/span><\/span><\/h3>\n<p><span class=\"\" lang=\"de\"><span title=\"Beeldend kunstenaar met hart en ziel in het 2- en 3-dimensionale vlak.\">K\u00fcnstler mit Herz und Seele in der 2- und 3-dimensionale Ebene. <\/span><span title=\"In 1955 ben ik geboren in Kaapstad, Zuid-Afrika.\">1955 Wurde ich in Kapstadt, S\u00fcdafrika, geboren. <\/span><span title=\"In 1963 verhuisden wij naar boven de evenaar.\">Im Jahr 1963 zogen wir nach &#8220;oben&#8221;, \u00fcber dem \u00c4quator. <\/span><span title=\"In 1982 studeerde ik af aan de Leidsche hogeschool, beeldende vakken, cum laude.&lt;\/p&gt;&lt;br \/&gt;&lt;br \/&gt;&lt;br \/&gt;&lt;br \/&gt;&lt;br \/&gt;&lt;br \/&gt;&lt;br \/&gt;&lt;br \/&gt;&lt;br \/&gt;&lt;br \/&gt;&lt;br \/&gt;&lt;br \/&gt;&lt;br \/&gt; &lt;p&gt;\">Im Jahr 1982 absolvierte ich die Universit\u00e4t Leiden, Bildende Kunst, cum laude. Ich bin immer fasziniert von Licht. Wie das Licht durch Reflexion an Oberflachen sich sehen last. Meine fr\u00fchesten Licht Erinnerungen sind geboren am Strand von Kapstadt (Seapoint). Das Spiel von Licht und Wasseroberfl\u00e4che in Bewegung, kommt in abstrakter Form im meiner Malerei nach vorne. Die Verse auf meine Kontakt-Seite charakterisieren mein Kunst im Essentie.<\/span><\/span><\/p>\n<p dir=\"ltr\"><span class=\"\" lang=\"de\"><span class=\"\" lang=\"de\"><span title=\"Welkom op mijn site.&lt;\/p&gt;&lt;br \/&gt;&lt;br \/&gt;&lt;br \/&gt;&lt;br \/&gt;&lt;br \/&gt;&lt;br \/&gt;&lt;br \/&gt;&lt;br \/&gt;&lt;br \/&gt;&lt;br \/&gt;&lt;br \/&gt;&lt;br \/&gt;&lt;br \/&gt; &lt;p&gt;\">Gerne<\/span><\/span><\/span><span class=\"\" lang=\"de\"><span class=\"\" lang=\"de\"><span title=\"Graag laat ik u zowel mijn schilderijen als bronzen beelden zien.&lt;\/p&gt;&lt;br \/&gt;&lt;br \/&gt;&lt;br \/&gt;&lt;br \/&gt;&lt;br \/&gt;&lt;br \/&gt;&lt;br \/&gt;&lt;br \/&gt;&lt;br \/&gt;&lt;br \/&gt;&lt;br \/&gt;&lt;br \/&gt;&lt;br \/&gt; &lt;p&gt;\"> lasse Ich Sie meine Gem\u00e4lde und Bronzen sehen.<\/span><\/span><\/span><\/p>\n<p dir=\"ltr\"><a title=\"Gem\u00e4lde\" href=\"https:\/\/www.anita-m.com\/wordpress\/gemalde\/?lang=de&lang=de\"><em>Malereien\u00a0 <strong>COLRFIELD PAINTING<\/strong><\/em><\/a><\/p>\n<p><span class=\"\" lang=\"de\"><span class=\"\" lang=\"de\"><span title=\"Ik werk met schildersmes op doek.\">Ich arbeite mit ein Malmesser auf Leinwand. <\/span><span title=\"Daarbij gebruik ik verschillende pigmenten die ik met een medium vloeibaar maak.&lt;\/p&gt;&lt;br \/&gt;&lt;br \/&gt;&lt;br \/&gt;&lt;br \/&gt;&lt;br \/&gt;&lt;br \/&gt;&lt;br \/&gt;&lt;br \/&gt;&lt;br \/&gt;&lt;br \/&gt;&lt;br \/&gt;&lt;br \/&gt;&lt;br \/&gt; &lt;p&gt;\">Ich arbeite mit verschiedenen Pigmenten, welche Ich Fl\u00fcssig mache mit einem Medium.<\/span><\/span><\/span><\/p>\n<p><span class=\"\" lang=\"de\"><span class=\"\" lang=\"de\"><span title=\"De schilderijen hebben thema's die door de jaren heen steeds aangevuld worden met nieuw werk.&lt;\/p&gt;&lt;br \/&gt;&lt;br \/&gt;&lt;br \/&gt;&lt;br \/&gt;&lt;br \/&gt;&lt;br \/&gt;&lt;br \/&gt;&lt;br \/&gt;&lt;br \/&gt;&lt;br \/&gt;&lt;br \/&gt;&lt;br \/&gt;&lt;br \/&gt; &lt;p&gt;\">Die Gem\u00e4lde sind Themen, die zunehmend in den letzten Jahren mit neuen Arbeiten erg\u00e4nzt werden.<\/span><\/span><\/span><\/p>\n<p><span class=\"\" lang=\"de\"><span class=\"\" lang=\"de\"><span style=\"text-decoration: underline;\"><em><span title=\"De thema\u2019s zijn:&lt;\/p&gt;&lt;br \/&gt;&lt;br \/&gt;&lt;br \/&gt;&lt;br \/&gt;&lt;br \/&gt;&lt;br \/&gt;&lt;br \/&gt;&lt;br \/&gt;&lt;br \/&gt;&lt;br \/&gt;&lt;br \/&gt;&lt;br \/&gt;&lt;br \/&gt; &lt;p&gt;\">Die Themen sind:<\/span><\/em><\/span><\/span><\/span><\/p>\n<p>&#8211;\u00a0STILLE TIEFEN<\/p>\n<p>&#8211;\u00a0EINZIGARTIGE OBERFL\u00c4CHEN<\/p>\n<p>&#8211; EIER<\/p>\n<p><span id=\"result_box\" class=\"\" lang=\"de\"><span title=\"-GENTLEMAN AND NAUGHTY LADY&lt;\/p&gt;&lt;br \/&gt;&lt;br \/&gt;&lt;br \/&gt;&lt;br \/&gt;&lt;br \/&gt;&lt;br \/&gt;&lt;br \/&gt;&lt;br \/&gt;&lt;br \/&gt;&lt;br \/&gt;&lt;br \/&gt;&lt;br \/&gt;&lt;br \/&gt; &lt;p&gt;\">&#8211; GENTLEMAN AND NAUGHTY <\/span><\/span>LADY<\/p>\n<p>&#8211;\u00a0DOPPELFENSTER<\/p>\n<p>&#8211;\u00a0ZWISCHEN ROT, SCHWARZ UND WEISS<\/p>\n<h3 dir=\"ltr\"><span class=\"\" lang=\"de\"><span class=\"\" lang=\"de\"><span title=\"-RED,BLACK, WHITE playing&lt;\/p&gt;&lt;br \/&gt;&lt;br \/&gt;&lt;br \/&gt;&lt;br \/&gt;&lt;br \/&gt;&lt;br \/&gt;&lt;br \/&gt;&lt;br \/&gt;&lt;br \/&gt;&lt;br \/&gt;&lt;br \/&gt;&lt;br \/&gt;&lt;br \/&gt; &lt;p&gt;\"><br \/>\n<\/span><\/span><\/span><span class=\"\" lang=\"de\"><span class=\"\" lang=\"de\"><span title=\"Bronzen beelden.&lt;\/p&gt;&lt;br \/&gt;&lt;br \/&gt;&lt;br \/&gt;&lt;br \/&gt;&lt;br \/&gt;&lt;br \/&gt;&lt;br \/&gt;&lt;br \/&gt;&lt;br \/&gt;&lt;br \/&gt;&lt;br \/&gt;&lt;br \/&gt;&lt;br \/&gt; &lt;p&gt;\"><span style=\"text-decoration: underline;\"><em><a title=\"Bronzestatuten\" href=\"https:\/\/www.anita-m.com\/wordpress\/bronzen-beelden__trashed\/?lang=de&lang=de\">Bronzen<\/a>.<\/em><\/span><\/span><\/span><\/span><\/h3>\n<div dir=\"ltr\"><span class=\"\" lang=\"de\"><span class=\"\" lang=\"de\"><span title=\"De bronzen beelden welke ik maak zijn enerzijds een inspiratie bij mijn eigen schilderijen.\">Die Bronzen, die ich mache sind einerseits eine Inspiration zu meinem eigenen Gem\u00e4lde. <\/span><span title=\"Dit uit zich zowel in het uiteindelijke beeld als op de huid van het beeld dat de toets van het schildersmes laat zien.\">Dies zeigt sich sowohl ins \u00a0Bild als auch auf der Haut des Bildes, dass die dir Malerei Messer Schl\u00fcssel zeigt. <\/span><span title=\"Anderzijds ook een totaal eigen thema.\">Auf der anderen Seite ein ganz anderes Thema. Und dann d<\/span><span title=\"De portretten zijn altijd in opdracht en in overleg met de opdrachtgever tot stand gekomen.&lt;\/p&gt;&lt;br \/&gt;&lt;br \/&gt;&lt;br \/&gt;&lt;br \/&gt;&lt;br \/&gt;&lt;br \/&gt;&lt;br \/&gt;&lt;br \/&gt;&lt;br \/&gt;&lt;br \/&gt;&lt;br \/&gt;&lt;br \/&gt;&lt;br \/&gt; &lt;p&gt;\">ie Portr\u00e4ts. Sie sind immer in Betrieb genommen und in Absprache mit dem Kunden erstellt.<\/span><\/span><\/span><\/div>\n<div dir=\"ltr\"><span class=\"\" lang=\"de\"><span class=\"\" lang=\"de\"><span title=\"De thema\u2019s zijn:&lt;\/p&gt;&lt;br \/&gt;&lt;br \/&gt;&lt;br \/&gt;&lt;br \/&gt;&lt;br \/&gt;&lt;br \/&gt;&lt;br \/&gt;&lt;br \/&gt;&lt;br \/&gt;&lt;br \/&gt;&lt;br \/&gt;&lt;br \/&gt;&lt;br \/&gt; &lt;p&gt;\">Die Themen sind:<\/span><\/span><\/span><\/div>\n<div dir=\"ltr\"><\/div>\n<div dir=\"ltr\"><\/div>\n<div dir=\"ltr\"><span class=\"\" lang=\"de\"><span class=\"\" lang=\"de\"><span title=\"-INSPIRATIE OP EIGEN SCHILDER WERK&lt;\/p&gt;&lt;br \/&gt;&lt;br \/&gt;&lt;br \/&gt;&lt;br \/&gt;&lt;br \/&gt;&lt;br \/&gt;&lt;br \/&gt;&lt;br \/&gt;&lt;br \/&gt;&lt;br \/&gt;&lt;br \/&gt;&lt;br \/&gt;&lt;br \/&gt; &lt;p&gt;\">&#8211; INSPIRATIE AUF EIGENEN MALEREI<\/span><\/span><\/span><\/div>\n<div dir=\"ltr\"><\/div>\n<div dir=\"ltr\"><\/div>\n<div dir=\"ltr\"><span class=\"\" lang=\"de\"><span class=\"\" lang=\"de\"><span title=\"-KRUISING KLOSJAAR, GENTLEMAN, KUNSTENAAR&lt;\/p&gt;&lt;br \/&gt;&lt;br \/&gt;&lt;br \/&gt;&lt;br \/&gt;&lt;br \/&gt;&lt;br \/&gt;&lt;br \/&gt;&lt;br \/&gt;&lt;br \/&gt;&lt;br \/&gt;&lt;br \/&gt;&lt;br \/&gt;&lt;br \/&gt; &lt;p&gt;\">&#8211; ZWISCHEN KLOSJAAR, GENTLEMAN, K\u00dcNSTLER<\/span><\/span><\/span><\/div>\n<div dir=\"ltr\"><\/div>\n<div dir=\"ltr\"><\/div>\n<div dir=\"ltr\"><span class=\"\" lang=\"de\"><span class=\"\" lang=\"de\"><span title=\"-PORTRETTEN&lt;\/p&gt;&lt;br \/&gt;&lt;br \/&gt;&lt;br \/&gt;&lt;br \/&gt;&lt;br \/&gt;&lt;br \/&gt;&lt;br \/&gt;&lt;br \/&gt;&lt;br \/&gt;&lt;br \/&gt;&lt;br \/&gt;&lt;br \/&gt;&lt;br \/&gt; &lt;p&gt;\">&#8211; PORTR\u00c4ITS<\/span><\/span><\/span><\/div>\n<div dir=\"ltr\"><\/div>\n<div dir=\"ltr\"><span class=\"\" lang=\"de\"><span class=\"\" lang=\"de\"><span title=\"-PORTRETTEN&lt;\/p&gt;&lt;br \/&gt;&lt;br \/&gt;&lt;br \/&gt;&lt;br \/&gt;&lt;br \/&gt;&lt;br \/&gt;&lt;br \/&gt;&lt;br \/&gt;&lt;br \/&gt;&lt;br \/&gt;&lt;br \/&gt;&lt;br \/&gt;&lt;br \/&gt; &lt;p&gt;\"><br \/>\n<\/span><\/span><\/span><br title=\"Over mijzelf,&lt;\/p&gt;&lt;br \/&gt;&lt;br \/&gt;&lt;br \/&gt;&lt;br \/&gt;&lt;br \/&gt;&lt;br \/&gt;&lt;br \/&gt;&lt;br \/&gt;&lt;br \/&gt;&lt;br \/&gt;&lt;br \/&gt;&lt;br \/&gt;&lt;br \/&gt; &lt;p&gt;\" \/><span class=\"\" lang=\"de\"><span class=\"\" lang=\"de\"><span title=\"Mijn atelier is tevens expositie ruimte.&lt;\/p&gt;&lt;br \/&gt;&lt;br \/&gt;&lt;br \/&gt;&lt;br \/&gt;&lt;br \/&gt;&lt;br \/&gt;&lt;br \/&gt;&lt;br \/&gt;&lt;br \/&gt;&lt;br \/&gt;&lt;br \/&gt;&lt;br \/&gt;&lt;br \/&gt; &lt;p&gt;\">Mein Atelier ist auch Ausstellungsfl\u00e4che.<\/span><\/span><\/span><span id=\"result_box\" class=\"\" lang=\"de\"><span title=\"U bent ten allen tijde van harte welkom op de meest gekke uren.\">Sie sind jederzeit herzlich willkommen in alle verr\u00fcckten Stunden. <\/span><span title=\"Ik werk geinspireerd op ook de 'vreemdste' tijden.\">Ich arbeite, immer inspiriert, auch durch die &#8220;verr\u00fcckteste&#8221; Zeiten. <\/span><span title=\"Wilt u zeker weten dat ik er ben neem dan graag contact op per telefoon of mail.\">M\u00f6chten Sie gerne kommen, kontaktieren Sie mir bitte pro Telefon oder Mail.<\/span><\/span><\/div>\n<\/div>\n<div id=\"gt-res-tools\"><\/div>\n<div id=\"gt-text-all\"><\/div>\n<p>&nbsp;<\/p>\n","protected":false},"excerpt":{"rendered":"<p>ANITA-M. K\u00fcnstler mit Herz und Seele. &nbsp; Willkommen auf meiner Seite. \u00dcber mich K\u00fcnstler mit Herz und Seele in der 2- und 3-dimensionale Ebene. 1955 Wurde ich in Kapstadt, S\u00fcdafrika, geboren. Im Jahr 1963 zogen wir nach &#8220;oben&#8221;, \u00fcber dem &hellip; <a href=\"https:\/\/www.anita-m.com\/wordpress\/willkommen\/?lang=de\">Lees verder <span class=\"meta-nav\">&rarr;<\/span><\/a><\/p>\n","protected":false},"author":2,"featured_media":0,"parent":0,"menu_order":0,"comment_status":"closed","ping_status":"closed","template":"","meta":{"footnotes":""},"class_list":["post-420","page","type-page","status-publish","hentry"],"_links":{"self":[{"href":"https:\/\/www.anita-m.com\/wordpress\/wp-json\/wp\/v2\/pages\/420","targetHints":{"allow":["GET"]}}],"collection":[{"href":"https:\/\/www.anita-m.com\/wordpress\/wp-json\/wp\/v2\/pages"}],"about":[{"href":"https:\/\/www.anita-m.com\/wordpress\/wp-json\/wp\/v2\/types\/page"}],"author":[{"embeddable":true,"href":"https:\/\/www.anita-m.com\/wordpress\/wp-json\/wp\/v2\/users\/2"}],"replies":[{"embeddable":true,"href":"https:\/\/www.anita-m.com\/wordpress\/wp-json\/wp\/v2\/comments?post=420"}],"version-history":[{"count":5,"href":"https:\/\/www.anita-m.com\/wordpress\/wp-json\/wp\/v2\/pages\/420\/revisions"}],"predecessor-version":[{"id":1199,"href":"https:\/\/www.anita-m.com\/wordpress\/wp-json\/wp\/v2\/pages\/420\/revisions\/1199"}],"wp:attachment":[{"href":"https:\/\/www.anita-m.com\/wordpress\/wp-json\/wp\/v2\/media?parent=420"}],"curies":[{"name":"wp","href":"https:\/\/api.w.org\/{rel}","templated":true}]}}